{"id":2763,"date":"2022-01-18T09:32:58","date_gmt":"2022-01-18T09:32:58","guid":{"rendered":"https:\/\/www.yosemitetoursf.com\/es\/?page_id=2763"},"modified":"2022-03-09T07:46:48","modified_gmt":"2022-03-09T07:46:48","slug":"viaje-de-2-dias-1-noche-hotel","status":"publish","type":"page","link":"https:\/\/www.yosemitetoursf.com\/es\/viaje-de-2-dias-1-noche-hotel\/","title":{"rendered":"Viaje de 2 dias 1 noche hotel"},"content":{"rendered":"<section class=\"gb-container gb-container-b733da9b banner-bar-sec\"><div class=\"gb-inside-container\">\n\n<h2 class=\"has-text-align-center wp-block-heading\"><strong>Yosemite Tours se especializa en recorridos privados personalizados al parque nacional de Yosemite &#8211; ofrecemos excursiones de un d\u00eda, recorridos para grupos peque\u00f1os y paquetes de vacaciones de varios d\u00edas con noches de hotel y alojamiento incluidos<\/strong><\/h2>\n\n\n\n<h4 class=\"has-text-align-center wp-block-heading\">Una Experiencia fant\u00e1stica de 2 d\u00edas en Yosemite <\/h4>\n\n\n\n<p class=\"has-text-align-center\"><strong><em><em><strong>\u201cNo todos los que deambulan est\u00e1n perdidos, ll\u00e9vate solo los recuerdos, deja solo tus huellas\u201d<\/strong><\/em><\/em><\/strong><\/p>\n\n<\/div><\/section>\n\n<section class=\"gb-container gb-container-a9d4afb4 heading-inner-sec\"><div class=\"gb-inside-container\">\n<div class=\"gb-grid-wrapper gb-grid-wrapper-5b2eee8f\">\n<div class=\"gb-grid-column gb-grid-column-57c2070b\"><div class=\"gb-container gb-container-57c2070b\"><div class=\"gb-inside-container\">\n\n<h3 class=\"wp-block-heading\"><strong>Descripci\u00f3n general del tour privado de 2 d\u00edas a Yosemite<\/strong><\/h3>\n\n\n\n<ul>\n<li>Tour privado de 2 d\u00edas totalmente personalizado por el Parque Nacional Yosemite<\/li>\n<li>Disfrute de un paquete de vacaciones sin estr\u00e9s y con alojamiento en hotel incluido.<\/li>\n<li>Descubra las principales atracciones, lugares emblem\u00e1ticos y gemas ocultas de Yosemite.<\/li>\n<li>Explore las principales atracciones y lugares emblem\u00e1ticos del valle de Yosemite: vea las cascadas de Yosemite, admire Half Dome, El Capit\u00e1n, The Elephant Rock, Cathedral Rocks, The Three Brothers, Tunnel View, el Centro de Visitantes de Yosemite, Yosemite Meadows y las playas para nadar a lo largo del r\u00edo Merced.<\/li>\n<li>* Elija entre una amplia gama de actividades al aire libre en Yosemite: recorrido esc\u00e9nico turismo, caminatas de senderismo, caminatas, avistamiento de aves o vida silvestre o observaci\u00f3n a escaladores de rocas, visite el hist\u00f3rico hotel&nbsp; Ahwahnee y su exclusivo comedor de lujo.<\/li>\n<li>Visite cascadas escondidas y admire vistas impresionantes que la mayor\u00eda de los visitantes se pierden cuando viajan en grupos.<\/li>\n<li>Explore la naturaleza salvaje de la Sierra Nevada, la belleza natural de Yosemite y sus&nbsp; prados pintorescos.<\/li>\n<li>Viaje a las tierras altas y visite Glacier Point o Tuolumne Meadows.<\/li>\n<li>Conduciremos o caminaremos hasta una de las arboledas m\u00e1s antigua de secuoyas gigantes de m\u00e1s de 2000 a\u00f1os.<\/li>\n<li>Viaje con expertos gu\u00edas tur\u00edsticos&nbsp;&nbsp; altamente calificados que son m\u00e1s que simples conductores.<\/li>\n<li>Alojamiento en hotel incluido, sin preocupaciones y sin p\u00e9rdida de tiempo para hacer el&nbsp; check in o checkout, ya que nos ocupamos de todos los detalles.<\/li>\n<li>Explore otras actividades al aire libre a la carta especialmente seleccionadas para usted por su gu\u00eda tur\u00edstico privado seg\u00fan sus preferencias.<\/li>\n<\/ul>\n\n\n\n<div class=\"wp-block-buttons more-buttons is-layout-flex wp-block-buttons-is-layout-flex\">\n<div class=\"wp-block-button\"><a class=\"wp-block-button__link has-text-color has-background\" href=\"https:\/\/www.yosemiteprivatetours.com\/es\/excursion-2-dias-sanfrancisco.php \" style=\"background-color:#dadd41;color:#000000\">LEA MAS DETALLES<\/a><\/div>\n<\/div>\n\n<\/div><\/div><\/div>\n<\/div>\n<\/div><\/section>\n\n<section class=\"gb-container gb-container-dbf7bb05 one-day-top-outer\"><div class=\"gb-inside-container\">\n<div class=\"gb-grid-wrapper gb-grid-wrapper-a5f74135\">\n<div class=\"gb-grid-column gb-grid-column-48d54260\"><div class=\"gb-container gb-container-48d54260\"><div class=\"gb-inside-container\">\n\n<h3 class=\"wp-block-heading\"><strong>Itinerario del tour de 2 d\u00edas desde El \u00e1rea de Yosemite <\/strong><\/h3>\n\n\n\n<ul>\n<li>Totalmente un Viaje privado de un d\u00eda en veh\u00edculos de lujo con recogida y traslado de regreso de cortes\u00eda a su hotel en El Portal, Mariposa, Fish Camp o en Oakhurst.<\/li>\n<li>Paseo panor\u00e1mico por la Sierra Nevada<\/li>\n<li>Miradores esc\u00e9nicos de la ruta de Big Oak Flat.<\/li>\n<li>Explore las principales atracciones y lugares emblem\u00e1ticos del valle de Yosemite: visite las cascadas de Yosemite, admire Half Dome, El Capit\u00e1n, The Elephant Rock, Cathedral Rocks, The Three Brothers , el Tunnel View, el Centro de Visitantes de Yosemite. Yosemite Meadows y las playas para nadar a lo largo del r\u00edo Merced.<\/li>\n<li>* Elija entre una amplia gama de actividades al aire libre dentro del Yosemite: paseo esc\u00e9nico de turismo, caminatas de senderismo, observaci\u00f3nde la vida silvestre\/aves o escaladores de rocas, visite el hist\u00f3rico hotel Ahwahnee y su exclusivo comedor.<\/li>\n<li>Caminata opcional a una antigua arboleda de \u00e1rboles de secuoyas gigantes en Yosemite<\/li>\n<\/ul>\n\n\n\n<div class=\"wp-block-buttons more-buttons is-layout-flex wp-block-buttons-is-layout-flex\">\n<div class=\"wp-block-button\"><a class=\"wp-block-button__link has-text-color has-background\" href=\"https:\/\/www.yosemiteprivatetours.com\/es\/excursion-2-dias-sanfrancisco.php \" style=\"background-color:#dadd41;color:#000000\">LEA MAS DETALLES<\/a><\/div>\n<\/div>\n\n<\/div><\/div><\/div>\n\n<div class=\"gb-grid-column gb-grid-column-a04b2f89\"><div class=\"gb-container gb-container-a04b2f89\"><div class=\"gb-inside-container\">\n\n<h3 class=\"wp-block-heading\">Itinerario del tour de 2 d\u00edas desde El \u00e1rea de la Bah\u00eda de San Francisco <\/h3>\n\n\n\n<ul>\n<li>Totalmente un recorrido privado de un d\u00eda en veh\u00edculos de lujo con recogida y traslado de regreso cortes\u00eda a su hotel en el \u00e1rea de la bah\u00eda de San Francisco, incluidas Oakland, Dubl\u00edn \/ Pleasanton.<\/li>\n<li>Paquetes de vacaciones de dos d\u00edas al parque nacional de Yosemite con noches de hotel y alojamiento incluidos<\/li>\n<li>Paseo panor\u00e1mico por el Valle Central y la Sierra Nevada<\/li>\n<li>Paradas y visitas a los miradores esc\u00e9nicos de Big Oak Flat Rd<\/li>\n<li>Explore las principales atracciones y lugares emblem\u00e1ticos del valle de Yosemite: vea las cascadas de Yosemite, admire Half Dome, El Capit\u00e1n, The Elephant Rock, Cathedral Rocks, The Three Brothers , Tunnel View, el Centro de Visitantes de Yosemite, Yosemite Meadows y las playas para nadar a lo largo del r\u00edo Merced.<\/li>\n<li>* Elija entre una amplia gama de actividades dentro del Parque de Yosemite y al aire libre: recorrido esc\u00e9nico de turismo, caminatas de senderismo, observaci\u00f3n de la vida silvestre\/aves o escaladores de rocas, visite el hist\u00f3rico hotel Ahwahnee y su exclusivo comedor.<\/li>\n<li>Caminata opcional a una antigua arboleda de \u00e1rboles de secuoyas gigantes en Yosemite<\/li>\n<\/ul>\n\n\n\n<div class=\"wp-block-buttons more-buttons is-layout-flex wp-block-buttons-is-layout-flex\">\n<div class=\"wp-block-button\"><a class=\"wp-block-button__link has-text-color has-background\" href=\"https:\/\/www.yosemiteprivatetours.com\/es\/excursion-2-dias-sanfrancisco.php \" style=\"background-color:#dadd41;color:#000000\">LEA MAS DETALLES<\/a><\/div>\n<\/div>\n\n<\/div><\/div><\/div>\n<\/div>\n<\/div><\/section>\n\n<section class=\"gb-container gb-container-139753ad\"><div class=\"gb-inside-container\">\n<div class=\"gb-grid-wrapper gb-grid-wrapper-59e2509e\">\n<div class=\"gb-grid-column gb-grid-column-b019f79a\"><div class=\"gb-container gb-container-b019f79a\"><div class=\"gb-inside-container\">\n\n<h2 class=\"has-text-align-center has-text-color wp-block-heading\" style=\"color:#6a9644;font-size:30px\">Incluido \/ No <strong>Incluido<\/strong><\/h2>\n\n\n\n<p><strong>Incluido:<\/strong>Recogida y traslado de regreso de cortes\u00eda en el \u00e1rea de la Bah\u00eda de San Francisco, Groveland, El Portal, Mariposa, Oakhurst o en Merced<\/p>\n<p>Tours personalizados 100% privados con gu\u00edas tur\u00edsticos locales expertos y certificados en 10 idiomas diferentes<\/p>\n<p>Permisos, reservas y costo de tarifas de entrada a Yosemite (se requieren reservaciones y permisos comerciales)<\/p>\n<p>Transporte privado de lujo en veh\u00edculos SUV 4X4 y camionetas de lujo con aire acondicionado (minibuses)<\/p>\n<p>Servicios especiales para clientes VIP y de alto perfil est\u00e1n disponibles.<\/p>\n<p>Botellas de agua o refrescos.<\/p>\n<p><strong>No Incluido:<\/strong>comidas, actividades opcionales, tiempo extra y propinas al conductor<\/p>\n\n\n\n<div class=\"wp-block-buttons is-content-justification-center more-buttons is-layout-flex wp-block-buttons-is-layout-flex\">\n<div class=\"wp-block-button\"><a class=\"wp-block-button__link has-text-color has-background\" href=\"https:\/\/www.yosemiteprivatetours.com\/es\/excursion-2-dias-sanfrancisco.php \" style=\"background-color:#dadd41;color:#000000\">LEA MAS DETALLES<\/a><\/div>\n<\/div>\n\n<\/div><\/div><\/div>\n<\/div>\n<\/div><\/section>\n\n<div class=\"gb-container gb-container-97112cd8 bottom-one-day-sec\"><div class=\"gb-inside-container\">\n<div class=\"gb-grid-wrapper gb-grid-wrapper-e69edf4c\">\n<div class=\"gb-grid-column gb-grid-column-7dcc6d8e\"><div class=\"gb-container gb-container-7dcc6d8e\"><div class=\"gb-inside-container\">\n\n<h3 class=\"wp-block-heading\"><strong><strong>Protocolo de Covid-19 y pr\u00e1cticas de limpieza<\/strong><\/strong><\/h3>\n\n\n\n<ul>\n<li>Medidas de limpieza al detalle para limitar la propagaci\u00f3n de COVID-19.<\/li>\n<li>Nuestros empleados est\u00e1n completamente vacunados contra el COVID-19.<\/li>\n<li>Nuestros veh\u00edculos son limpiados y desinfectados a diario.<\/li>\n<li>Nuestros veh\u00edculos no se utilizan entre 2 tours.<\/li>\n<li>Medidas de distanciamiento social implantadas<\/li>\n<li>Controles de temperatura diarios al personal<\/li>\n<li>Se proporcionan mascarillas y gel desinfectantes de manos.<\/li>\n<\/ul>\n\n\n\n<div class=\"wp-block-buttons more-buttons is-layout-flex wp-block-buttons-is-layout-flex\">\n<div class=\"wp-block-button\"><a class=\"wp-block-button__link has-text-color has-background\" href=\"https:\/\/www.yosemiteprivatetours.com\/es\/excursion-2-dias-sanfrancisco.php \" style=\"background-color:#dadd41;color:#000000\">LEA MAS DETALLES<\/a><\/div>\n<\/div>\n\n<\/div><\/div><\/div>\n\n<div class=\"gb-grid-column gb-grid-column-626672ad\"><div class=\"gb-container gb-container-626672ad colored-box\"><div class=\"gb-inside-container\">\n\n<h3 class=\"wp-block-heading\">Otra informaci\u00f3n \u00fatil Duraci\u00f3n, salida y cancelaci\u00f3n Otras informaciones \u00fatiles:<\/h3>\n\n\n\n<p><strong>Duraci\u00f3n, salida y cancelaciones<\/strong><\/p>\n\n\n\n<ul>\n<li>Tour privado de 2 d\u00edas con alojamiento en hotel, tarifas del resort y costo de entradas a Yosemite est\u00e1n incluidas.<\/li>\n<li><u>Salida:<\/u> visitas guiadas privadas, flexibles y totalmente personalizadas. Por lo general, comenzamos a las 10 am desde Yosemite y de \u00e1reas perif\u00e9ricas, y a las 8 o 9 am cuando salimos del \u00e1rea de la Bah\u00eda de San Francisco.<\/li>\n<li><u>Cancelaci\u00f3n y reembolso:<\/u> pol\u00edtica de reembolsos por cancelaci\u00f3n flexible y conveniente.<\/li>\n<li>Este tour privado garantiza su salida incluso con una sola persona.<\/li>\n<li>Disponible en otros idiomas incluidos espa\u00f1ol y franc\u00e9s.<\/li>\n<\/ul>\n\n\n\n<div class=\"wp-block-buttons more-buttons is-layout-flex wp-block-buttons-is-layout-flex\">\n<div class=\"wp-block-button\"><a class=\"wp-block-button__link has-text-color has-background\" href=\"https:\/\/www.yosemiteprivatetours.com\/es\/excursion-2-dias-sanfrancisco.php \" style=\"background-color:#dadd41;color:#000000\">LEA MAS DETALLES<\/a><\/div>\n<\/div>\n\n<\/div><\/div><\/div>\n<\/div>\n<\/div><\/div>","protected":false},"excerpt":{"rendered":"<p>Yosemite Tours se especializa en recorridos privados personalizados al parque nacional de Yosemite &#8211; ofrecemos excursiones de un d\u00eda, recorridos para grupos peque\u00f1os y paquetes &#8230; <a title=\"Viaje de 2 dias 1 noche hotel\" class=\"read-more\" href=\"https:\/\/www.yosemitetoursf.com\/es\/viaje-de-2-dias-1-noche-hotel\/\" aria-label=\"More on Viaje de 2 dias 1 noche hotel\">Read More<\/a><\/p>\n","protected":false},"author":1,"featured_media":0,"parent":0,"menu_order":0,"comment_status":"closed","ping_status":"closed","template":"","meta":{"_generate-full-width-content":"true","footnotes":""},"class_list":["post-2763","page","type-page","status-publish"],"yoast_head":"<!-- This site is optimized with the Yoast SEO plugin v17.8 - https:\/\/yoast.com\/wordpress\/plugins\/seo\/ -->\n<title>Excursi\u00f3n a Yosemite |Tour de Yosemite| Visitas guiadas<\/title>\n<meta name=\"description\" content=\"Paquetes de vacaciones de dos d\u00edasal parque nacional de Yosemite con noches de hotel y alojamiento incluidos.\" \/>\n<meta name=\"robots\" content=\"index, follow, max-snippet:-1, max-image-preview:large, max-video-preview:-1\" \/>\n<link rel=\"canonical\" href=\"https:\/\/www.yosemitetoursf.com\/es\/viaje-de-2-dias-1-noche-hotel\/\" \/>\n<meta property=\"og:locale\" content=\"en_US\" \/>\n<meta property=\"og:type\" content=\"article\" \/>\n<meta property=\"og:title\" content=\"Excursi\u00f3n a Yosemite |Tour de Yosemite| Visitas guiadas\" \/>\n<meta property=\"og:description\" content=\"Paquetes de vacaciones de dos d\u00edasal parque nacional de Yosemite con noches de hotel y alojamiento incluidos.\" \/>\n<meta property=\"og:url\" content=\"https:\/\/www.yosemitetoursf.com\/es\/viaje-de-2-dias-1-noche-hotel\/\" \/>\n<meta property=\"og:site_name\" content=\"YOSEMITE TOURS EN ESPA\u00d1OL\" \/>\n<meta property=\"article:modified_time\" content=\"2022-03-09T07:46:48+00:00\" \/>\n<meta name=\"twitter:card\" content=\"summary_large_image\" \/>\n<meta name=\"twitter:label1\" content=\"Est. reading time\" \/>\n\t<meta name=\"twitter:data1\" content=\"5 minutes\" \/>\n<script type=\"application\/ld+json\" class=\"yoast-schema-graph\">{\"@context\":\"https:\/\/schema.org\",\"@graph\":[{\"@type\":\"WebSite\",\"@id\":\"https:\/\/www.yosemitetoursf.com\/es\/#website\",\"url\":\"https:\/\/www.yosemitetoursf.com\/es\/\",\"name\":\"YOSEMITE TOURS EN ESPA\\u00d1OL\",\"description\":\"Best Yosemite Tours \",\"potentialAction\":[{\"@type\":\"SearchAction\",\"target\":{\"@type\":\"EntryPoint\",\"urlTemplate\":\"https:\/\/www.yosemitetoursf.com\/es\/?s={search_term_string}\"},\"query-input\":\"required name=search_term_string\"}],\"inLanguage\":\"en\"},{\"@type\":\"WebPage\",\"@id\":\"https:\/\/www.yosemitetoursf.com\/es\/viaje-de-2-dias-1-noche-hotel\/#webpage\",\"url\":\"https:\/\/www.yosemitetoursf.com\/es\/viaje-de-2-dias-1-noche-hotel\/\",\"name\":\"Excursi\\u00f3n a Yosemite |Tour de Yosemite| Visitas guiadas\",\"isPartOf\":{\"@id\":\"https:\/\/www.yosemitetoursf.com\/es\/#website\"},\"datePublished\":\"2022-01-18T09:32:58+00:00\",\"dateModified\":\"2022-03-09T07:46:48+00:00\",\"description\":\"Paquetes de vacaciones de dos d\\u00edasal parque nacional de Yosemite con noches de hotel y alojamiento incluidos.\",\"breadcrumb\":{\"@id\":\"https:\/\/www.yosemitetoursf.com\/es\/viaje-de-2-dias-1-noche-hotel\/#breadcrumb\"},\"inLanguage\":\"en\",\"potentialAction\":[{\"@type\":\"ReadAction\",\"target\":[\"https:\/\/www.yosemitetoursf.com\/es\/viaje-de-2-dias-1-noche-hotel\/\"]}]},{\"@type\":\"BreadcrumbList\",\"@id\":\"https:\/\/www.yosemitetoursf.com\/es\/viaje-de-2-dias-1-noche-hotel\/#breadcrumb\",\"itemListElement\":[{\"@type\":\"ListItem\",\"position\":1,\"name\":\"Home\",\"item\":\"https:\/\/www.yosemitetoursf.com\/es\/\"},{\"@type\":\"ListItem\",\"position\":2,\"name\":\"Viaje de 2 dias 1 noche hotel\"}]}]}<\/script>\n<!-- \/ Yoast SEO plugin. -->","yoast_head_json":{"title":"Excursi\u00f3n a Yosemite |Tour de Yosemite| Visitas guiadas","description":"Paquetes de vacaciones de dos d\u00edasal parque nacional de Yosemite con noches de hotel y alojamiento incluidos.","robots":{"index":"index","follow":"follow","max-snippet":"max-snippet:-1","max-image-preview":"max-image-preview:large","max-video-preview":"max-video-preview:-1"},"canonical":"https:\/\/www.yosemitetoursf.com\/es\/viaje-de-2-dias-1-noche-hotel\/","og_locale":"en_US","og_type":"article","og_title":"Excursi\u00f3n a Yosemite |Tour de Yosemite| Visitas guiadas","og_description":"Paquetes de vacaciones de dos d\u00edasal parque nacional de Yosemite con noches de hotel y alojamiento incluidos.","og_url":"https:\/\/www.yosemitetoursf.com\/es\/viaje-de-2-dias-1-noche-hotel\/","og_site_name":"YOSEMITE TOURS EN ESPA\u00d1OL","article_modified_time":"2022-03-09T07:46:48+00:00","twitter_card":"summary_large_image","twitter_misc":{"Est. reading time":"5 minutes"},"schema":{"@context":"https:\/\/schema.org","@graph":[{"@type":"WebSite","@id":"https:\/\/www.yosemitetoursf.com\/es\/#website","url":"https:\/\/www.yosemitetoursf.com\/es\/","name":"YOSEMITE TOURS EN ESPA\u00d1OL","description":"Best Yosemite Tours ","potentialAction":[{"@type":"SearchAction","target":{"@type":"EntryPoint","urlTemplate":"https:\/\/www.yosemitetoursf.com\/es\/?s={search_term_string}"},"query-input":"required name=search_term_string"}],"inLanguage":"en"},{"@type":"WebPage","@id":"https:\/\/www.yosemitetoursf.com\/es\/viaje-de-2-dias-1-noche-hotel\/#webpage","url":"https:\/\/www.yosemitetoursf.com\/es\/viaje-de-2-dias-1-noche-hotel\/","name":"Excursi\u00f3n a Yosemite |Tour de Yosemite| Visitas guiadas","isPartOf":{"@id":"https:\/\/www.yosemitetoursf.com\/es\/#website"},"datePublished":"2022-01-18T09:32:58+00:00","dateModified":"2022-03-09T07:46:48+00:00","description":"Paquetes de vacaciones de dos d\u00edasal parque nacional de Yosemite con noches de hotel y alojamiento incluidos.","breadcrumb":{"@id":"https:\/\/www.yosemitetoursf.com\/es\/viaje-de-2-dias-1-noche-hotel\/#breadcrumb"},"inLanguage":"en","potentialAction":[{"@type":"ReadAction","target":["https:\/\/www.yosemitetoursf.com\/es\/viaje-de-2-dias-1-noche-hotel\/"]}]},{"@type":"BreadcrumbList","@id":"https:\/\/www.yosemitetoursf.com\/es\/viaje-de-2-dias-1-noche-hotel\/#breadcrumb","itemListElement":[{"@type":"ListItem","position":1,"name":"Home","item":"https:\/\/www.yosemitetoursf.com\/es\/"},{"@type":"ListItem","position":2,"name":"Viaje de 2 dias 1 noche hotel"}]}]}},"_links":{"self":[{"href":"https:\/\/www.yosemitetoursf.com\/es\/wp-json\/wp\/v2\/pages\/2763","targetHints":{"allow":["GET"]}}],"collection":[{"href":"https:\/\/www.yosemitetoursf.com\/es\/wp-json\/wp\/v2\/pages"}],"about":[{"href":"https:\/\/www.yosemitetoursf.com\/es\/wp-json\/wp\/v2\/types\/page"}],"author":[{"embeddable":true,"href":"https:\/\/www.yosemitetoursf.com\/es\/wp-json\/wp\/v2\/users\/1"}],"replies":[{"embeddable":true,"href":"https:\/\/www.yosemitetoursf.com\/es\/wp-json\/wp\/v2\/comments?post=2763"}],"version-history":[{"count":15,"href":"https:\/\/www.yosemitetoursf.com\/es\/wp-json\/wp\/v2\/pages\/2763\/revisions"}],"predecessor-version":[{"id":2929,"href":"https:\/\/www.yosemitetoursf.com\/es\/wp-json\/wp\/v2\/pages\/2763\/revisions\/2929"}],"wp:attachment":[{"href":"https:\/\/www.yosemitetoursf.com\/es\/wp-json\/wp\/v2\/media?parent=2763"}],"curies":[{"name":"wp","href":"https:\/\/api.w.org\/{rel}","templated":true}]}}