{"id":2712,"date":"2022-01-14T14:50:04","date_gmt":"2022-01-14T14:50:04","guid":{"rendered":"https:\/\/www.yosemitetoursf.com\/es\/?page_id=2712"},"modified":"2022-03-07T06:39:59","modified_gmt":"2022-03-07T06:39:59","slug":"excursiones-y-visitas-guiadas","status":"publish","type":"page","link":"https:\/\/www.yosemitetoursf.com\/es\/excursiones-y-visitas-guiadas\/","title":{"rendered":"Excursiones y visitas guiadas"},"content":{"rendered":"<div class=\"gb-container gb-container-b733da9b banner-bar-sec\"><div class=\"gb-inside-container\">\n\n<h2 class=\"has-text-align-center wp-block-heading\"><strong>Yosemite Tours se especializa en recorridos privados personalizados al parque nacional de Yosemite &#8211; ofrecemos excursiones de un d\u00eda, recorridos para grupos peque\u00f1os y paquetes de vacaciones de varios d\u00edas con noches de hotel y alojamiento incluidos<\/strong><\/h2>\n\n\n\n<p class=\"has-text-align-center\"><strong><em> <em>\u201cNo todos los que deambulan est\u00e1n perdidos, ll\u00e9vate solo los recuerdos<\/em>, <em>deja solo tus huellas\u201d<\/em> <\/em><\/strong><\/p>\n\n<\/div><\/div>\n\n<div class=\"gb-container gb-container-a9d4afb4 one-day-top-outer\"><div class=\"gb-inside-container\">\n<div class=\"gb-grid-wrapper gb-grid-wrapper-5b2eee8f\">\n<div class=\"gb-grid-column gb-grid-column-57c2070b\"><div class=\"gb-container gb-container-57c2070b\"><div class=\"gb-inside-container\">\n\n<h3 class=\"wp-block-heading\"><strong>Lo m\u00e1s destacado del tour de 1 d\u00eda de Yosemite<\/strong><\/h3>\n\n\n\n<ul>\n<li>Tours personalizados totalmente privados con recogida y traslado de regreso de cortes\u00eda a su hotel en el \u00e1rea de la bah\u00eda de San Francisco, Groveland, El Portal, Mariposa, Oakhurst y\/o Merced.<\/li>\n<li>Paseo panor\u00e1mico por la Sierra Nevada<\/li>\n<li>Paradas en los miradores esc\u00e9nicos de Big Oak Flat Rd.<\/li>\n<li>Visite las principales atracciones y lugares emblem\u00e1ticos del valle de Yosemite: vea las cascadas de Yosemite, vistas del Half-Dome, El Capit\u00e1n, The Elephant Rock, CathedralRocks, The ThreeBrothers, el Tunnel View, el Centro de Visitantes de Yosemite, Yosemite Meadows y las playas para nadar a lo largo del r\u00edo Merced.<\/li>\n<li>* Elija entre una amplia selecci\u00f3n de actividades al aire libre&nbsp;&nbsp; dentro del Parque de Yosemite: paseo esc\u00e9nico de turismo, caminatas f\u00e1ciles y de senderismo, avistamiento de vida silvestre\/aves o observaci\u00f3n de escaladores de rocas, visite el hist\u00f3rico hotel Ahwahnee y su exclusivo comedor.<\/li>\n<li>Caminata opcional a una antigua arboleda de \u00e1rboles de secuoyas gigantes en Yosemite<\/li>\n<\/ul>\n\n\n\n<div class=\"wp-block-buttons more-buttons is-layout-flex wp-block-buttons-is-layout-flex\">\n<div class=\"wp-block-button\"><a class=\"wp-block-button__link has-text-color has-background\" href=\"https:\/\/www.yosemiteprivatetours.com\/es\/excursion-de-un-dia.php\" style=\"background-color:#dadd41;color:#000000\"><strong>M\u00e1s Detalles<\/strong><\/a><\/div>\n<\/div>\n\n<\/div><\/div><\/div>\n<\/div>\n<\/div><\/div>\n\n<div class=\"gb-container gb-container-d7035082 one-day-top-outer\"><div class=\"gb-inside-container\">\n<div class=\"gb-grid-wrapper gb-grid-wrapper-d5f84a74\">\n<div class=\"gb-grid-column gb-grid-column-4f9c5d71\"><div class=\"gb-container gb-container-4f9c5d71\"><div class=\"gb-inside-container\">\n\n<h3 class=\"wp-block-heading\"><strong>Itinerario del tour de 1 d\u00eda desde El \u00e1rea de Yosemite <\/strong><\/h3>\n\n\n\n<ul>\n<li>Totalmente un Viaje privado de un d\u00eda en veh\u00edculos de lujo con recogida y traslado de regreso de cortes\u00eda a su hotel en El Portal, Mariposa, Fish Camp o en Oakhurst.<\/li>\n<li>Paseo panor\u00e1mico por la Sierra Nevada<\/li>\n<li>Miradores esc\u00e9nicos de la ruta de Big Oak Flat.<\/li>\n<li>Explore las principales atracciones y lugares emblem\u00e1ticos del valle de Yosemite: visite las cascadas de Yosemite, admire Half Dome, El Capit\u00e1n, The Elephant Rock, Cathedral Rocks, The Three Brothers, el Tunnel View, el Centro de Visitantes de Yosemite. Yosemite Meadows y las playas para nadar a lo largo del r\u00edo Merced.<\/li>\n<li>* Elija entre una amplia gama de actividades al aire libre dentro del Yosemite: paseo esc\u00e9nico de turismo, caminatas de senderismo, observaci\u00f3nde la vida silvestre\/aves o escaladores de rocas, visite el hist\u00f3rico hotel Ahwahnee y su exclusivo comedor.<\/li>\n<li>Caminata opcional a una antigua arboleda de \u00e1rboles de secuoyas gigantes en Yosemite<\/li>\n<\/ul>\n\n\n\n<div class=\"wp-block-buttons more-buttons is-layout-flex wp-block-buttons-is-layout-flex\">\n<div class=\"wp-block-button\"><a class=\"wp-block-button__link has-text-color has-background\" href=\"https:\/\/www.yosemiteprivatetours.com\/es\/excursion-de-un-dia.php\" style=\"background-color:#dadd41;color:#000000\"><strong>M\u00e1s Detalles<\/strong><\/a><\/div>\n<\/div>\n\n<\/div><\/div><\/div>\n\n<div class=\"gb-grid-column gb-grid-column-a4b1288d\"><div class=\"gb-container gb-container-a4b1288d\"><div class=\"gb-inside-container\">\n\n<h3 class=\"wp-block-heading\">Itinerario del tour de 1 d\u00eda desde El \u00e1rea de la Bah\u00eda de San Francisco <\/h3>\n\n\n\n<ul>\n<li>Totalmente un recorrido privado de un d\u00eda en veh\u00edculos de lujo con recogida y traslado de regreso cortes\u00eda a su hotel en el \u00e1rea de la bah\u00eda de San Francisco, incluidas Oakland, Dubl\u00edn \/ Pleasanton.<\/li>\n<li>Paseo panor\u00e1mico por el Valle Central y la Sierra Nevada<\/li>\n<li>Paradas y visitas a los miradores esc\u00e9nicos de Big Oak Flat Rd<\/li>\n<li>Explore las principales atracciones y lugares emblem\u00e1ticos del valle de Yosemite: vea las cascadas de Yosemite, admire Half Dome, El Capit\u00e1n, The Elephant Rock, Cathedral Rocks, The Three Brothers, Tunnel View, el Centro de Visitantes de Yosemite, Yosemite Meadows y las playas para nadar a lo largo del r\u00edo Merced.<\/li>\n<li>* Elija entre una amplia gama de actividades dentro del Parque de Yosemite y al aire libre: recorrido esc\u00e9nico de turismo, caminatas de senderismo, observaci\u00f3n de la vida silvestre\/aves o escaladores de rocas, visite el hist\u00f3rico hotel Ahwahnee y su exclusivo comedor.<\/li>\n<li>Caminata opcional a una antigua arboleda de \u00e1rboles de secuoyas gigantes en Yosemite<\/li>\n<\/ul>\n\n\n\n<div class=\"wp-block-buttons more-buttons is-layout-flex wp-block-buttons-is-layout-flex\">\n<div class=\"wp-block-button\"><a class=\"wp-block-button__link has-text-color has-background\" href=\"https:\/\/www.yosemiteprivatetours.com\/es\/excursion-de-un-dia.php\" style=\"background-color:#dadd41;color:#000000\"><strong>M\u00e1s Detalles<\/strong><\/a><\/div>\n<\/div>\n\n<\/div><\/div><\/div>\n<\/div>\n<\/div><\/div>\n\n<section class=\"gb-container gb-container-466a33fd\"><div class=\"gb-inside-container\">\n<div class=\"gb-grid-wrapper gb-grid-wrapper-9f8e4c79\">\n<div class=\"gb-grid-column gb-grid-column-5159afb8\"><div class=\"gb-container gb-container-5159afb8\"><div class=\"gb-inside-container\">\n\n<h2 class=\"has-text-align-center has-text-color wp-block-heading\" style=\"color:#6a9644;font-size:30px\"><strong>Incluido<\/strong> \/ <strong>No <strong>Incluido<\/strong><\/strong><\/h2>\n\n\n\n<p><strong>Incluido:<\/strong>Recogida y traslado de regreso de cortes\u00eda en el \u00e1rea de la Bah\u00eda de San Francisco, Groveland, El Portal, Mariposa, Oakhurst o en&nbsp; Merced<\/p>\n<p>Tours personalizados 100% privados con gu\u00edas tur\u00edsticos locales expertos y certificados en 10 idiomas diferentes<\/p>\n<p>Permisos, reservas y costo de tarifas de entrada a Yosemite (se requieren reservaciones y permisos comerciales)<\/p>\n<p>Transporte privado de lujo en veh\u00edculos SUV 4X4 y camionetas de lujo con aire acondicionado (minibuses)<\/p>\n<p>Servicios especiales para clientes VIP y de alto perfil est\u00e1n disponibles.<\/p>\n<p>Botellas de agua o refrescos.<\/p>\n<p><strong>No Incluido: <\/strong>comidas, actividades opcionales, tiempo extra y propinas al conductor<\/p>\n\n<\/div><\/div><\/div>\n<\/div>\n\n\n<div class=\"wp-block-buttons more-buttons is-layout-flex wp-block-buttons-is-layout-flex\">\n<div class=\"wp-block-button\"><a class=\"wp-block-button__link has-text-color has-background\" href=\"https:\/\/www.yosemiteprivatetours.com\/es\/excursion-de-un-dia.php\" style=\"background-color:#dadd41;color:#000000\"><strong>M\u00e1s Detalles<\/strong><\/a><\/div>\n<\/div>\n\n<\/div><\/section>\n\n<div class=\"gb-container gb-container-97112cd8 bottom-one-day-sec\"><div class=\"gb-inside-container\">\n<div class=\"gb-grid-wrapper gb-grid-wrapper-e69edf4c\">\n<div class=\"gb-grid-column gb-grid-column-7dcc6d8e\"><div class=\"gb-container gb-container-7dcc6d8e\"><div class=\"gb-inside-container\">\n\n<h3 class=\"wp-block-heading\"><strong>Protocolo de Covid-19 y pr\u00e1cticas de limpieza<\/strong><\/h3>\n\n\n\n<ul>\n<li>Medidas de limpieza al detalle para limitar la propagaci\u00f3n de COVID-19.<\/li>\n<li>Nuestros empleados est\u00e1n completamente vacunados contra el COVID-19.<\/li>\n<li>Nuestros veh\u00edculos son limpiados y desinfectados a diario.<\/li>\n<li>Nuestros veh\u00edculos no se utilizan entre 2 tours.<\/li>\n<li>Medidas de distanciamiento social implantadas<\/li>\n<li>Controles de temperatura diarios al personal<\/li>\n<li>Se proporcionan mascarillas y gel desinfectantes de manos.<\/li>\n<\/ul>\n\n\n\n<div class=\"wp-block-buttons more-buttons is-layout-flex wp-block-buttons-is-layout-flex\">\n<div class=\"wp-block-button\"><a class=\"wp-block-button__link has-text-color has-background\" href=\"https:\/\/www.yosemiteprivatetours.com\/es\/excursion-de-un-dia.php\" style=\"background-color:#dadd41;color:#000000\"><strong>M\u00e1s Detalles<\/strong><\/a><\/div>\n<\/div>\n\n<\/div><\/div><\/div>\n\n<div class=\"gb-grid-column gb-grid-column-626672ad\"><div class=\"gb-container gb-container-626672ad colored-box\"><div class=\"gb-inside-container\">\n\n<h3 class=\"wp-block-heading\"><strong>Otra informaci\u00f3n \u00fatil<\/strong><\/h3>\n\n\n\n<p><strong><strong>Duraci\u00f3n, salida y cancelaci\u00f3n<\/strong><\/strong><\/p>\n\n\n\n<ul>\n<li>Tour privado de 12 horas de puerta a puerta desde el centro de San Francisco.<\/li>\n<li>Tour privado de 6 horas de puerta a puerta desde el parque de Yosemite y en los pueblos circundantes o de alrededor.<\/li>\n<li>Salida: visitas guiadas privadas, flexibles y totalmente personalizadas. Por lo general, comenzamos a las 10am cuando la recogida es desde Yosemite y en las \u00e1reas perif\u00e9ricas y a las 6:30 o 7am cuando salimos de San Francisco.<\/li>\n<li>Cancelaci\u00f3n y reembolso: pol\u00edtica de reembolsos por cancelaci\u00f3n son flexibles y convenientes.<\/li>\n<li>Este tour privado garantiza su salida incluso con una sola persona.<\/li>\n<li>Disponible en otros idiomas, incluidos espa\u00f1ol y franc\u00e9s.<\/li>\n<\/ul>\n\n\n\n<div class=\"wp-block-buttons more-buttons is-layout-flex wp-block-buttons-is-layout-flex\">\n<div class=\"wp-block-button\"><a class=\"wp-block-button__link has-text-color has-background\" href=\"https:\/\/www.yosemiteprivatetours.com\/es\/excursion-de-un-dia.php\" style=\"background-color:#dadd41;color:#000000\"><strong>M\u00e1s Detalles<\/strong><\/a><\/div>\n<\/div>\n\n<\/div><\/div><\/div>\n<\/div>\n<\/div><\/div>","protected":false},"excerpt":{"rendered":"<p>Yosemite Tours se especializa en recorridos privados personalizados al parque nacional de Yosemite &#8211; ofrecemos excursiones de un d\u00eda, recorridos para grupos peque\u00f1os y paquetes &#8230; <a title=\"Excursiones y visitas guiadas\" class=\"read-more\" href=\"https:\/\/www.yosemitetoursf.com\/es\/excursiones-y-visitas-guiadas\/\" aria-label=\"More on Excursiones y visitas guiadas\">Read More<\/a><\/p>\n","protected":false},"author":1,"featured_media":0,"parent":0,"menu_order":0,"comment_status":"closed","ping_status":"closed","template":"","meta":{"_generate-full-width-content":"true","footnotes":""},"class_list":["post-2712","page","type-page","status-publish"],"yoast_head":"<!-- This site is optimized with the Yoast SEO plugin v17.8 - https:\/\/yoast.com\/wordpress\/plugins\/seo\/ -->\n<title>Excursi\u00f3n a Yosemite |Tour de Yosemite| Visitas guiadas<\/title>\n<meta name=\"description\" content=\"Recorridos privados al parque nacional de Yosemite y excursiones de un d\u00eda para grupos peque\u00f1os y vacaciones de varios d\u00edas con alojamiento incluidos.&quot;\/&gt;\" \/>\n<meta name=\"robots\" content=\"index, follow, max-snippet:-1, max-image-preview:large, max-video-preview:-1\" \/>\n<link rel=\"canonical\" href=\"https:\/\/www.yosemitetoursf.com\/es\/excursiones-y-visitas-guiadas\/\" \/>\n<meta property=\"og:locale\" content=\"en_US\" \/>\n<meta property=\"og:type\" content=\"article\" \/>\n<meta property=\"og:title\" content=\"Excursi\u00f3n a Yosemite |Tour de Yosemite| Visitas guiadas\" \/>\n<meta property=\"og:description\" content=\"Recorridos privados al parque nacional de Yosemite y excursiones de un d\u00eda para grupos peque\u00f1os y vacaciones de varios d\u00edas con alojamiento incluidos.&quot;\/&gt;\" \/>\n<meta property=\"og:url\" content=\"https:\/\/www.yosemitetoursf.com\/es\/excursiones-y-visitas-guiadas\/\" \/>\n<meta property=\"og:site_name\" content=\"YOSEMITE TOURS EN ESPA\u00d1OL\" \/>\n<meta property=\"article:modified_time\" content=\"2022-03-07T06:39:59+00:00\" \/>\n<meta name=\"twitter:card\" content=\"summary_large_image\" \/>\n<meta name=\"twitter:label1\" content=\"Est. reading time\" \/>\n\t<meta name=\"twitter:data1\" content=\"4 minutes\" \/>\n<script type=\"application\/ld+json\" class=\"yoast-schema-graph\">{\"@context\":\"https:\/\/schema.org\",\"@graph\":[{\"@type\":\"WebSite\",\"@id\":\"https:\/\/www.yosemitetoursf.com\/es\/#website\",\"url\":\"https:\/\/www.yosemitetoursf.com\/es\/\",\"name\":\"YOSEMITE TOURS EN ESPA\\u00d1OL\",\"description\":\"Best Yosemite Tours \",\"potentialAction\":[{\"@type\":\"SearchAction\",\"target\":{\"@type\":\"EntryPoint\",\"urlTemplate\":\"https:\/\/www.yosemitetoursf.com\/es\/?s={search_term_string}\"},\"query-input\":\"required name=search_term_string\"}],\"inLanguage\":\"en\"},{\"@type\":\"WebPage\",\"@id\":\"https:\/\/www.yosemitetoursf.com\/es\/excursiones-y-visitas-guiadas\/#webpage\",\"url\":\"https:\/\/www.yosemitetoursf.com\/es\/excursiones-y-visitas-guiadas\/\",\"name\":\"Excursi\\u00f3n a Yosemite |Tour de Yosemite| Visitas guiadas\",\"isPartOf\":{\"@id\":\"https:\/\/www.yosemitetoursf.com\/es\/#website\"},\"datePublished\":\"2022-01-14T14:50:04+00:00\",\"dateModified\":\"2022-03-07T06:39:59+00:00\",\"description\":\"Recorridos privados al parque nacional de Yosemite y excursiones de un d\\u00eda para grupos peque\\u00f1os y vacaciones de varios d\\u00edas con alojamiento incluidos.\\\"\/>\",\"breadcrumb\":{\"@id\":\"https:\/\/www.yosemitetoursf.com\/es\/excursiones-y-visitas-guiadas\/#breadcrumb\"},\"inLanguage\":\"en\",\"potentialAction\":[{\"@type\":\"ReadAction\",\"target\":[\"https:\/\/www.yosemitetoursf.com\/es\/excursiones-y-visitas-guiadas\/\"]}]},{\"@type\":\"BreadcrumbList\",\"@id\":\"https:\/\/www.yosemitetoursf.com\/es\/excursiones-y-visitas-guiadas\/#breadcrumb\",\"itemListElement\":[{\"@type\":\"ListItem\",\"position\":1,\"name\":\"Home\",\"item\":\"https:\/\/www.yosemitetoursf.com\/es\/\"},{\"@type\":\"ListItem\",\"position\":2,\"name\":\"Excursiones y visitas guiadas\"}]}]}<\/script>\n<!-- \/ Yoast SEO plugin. -->","yoast_head_json":{"title":"Excursi\u00f3n a Yosemite |Tour de Yosemite| Visitas guiadas","description":"Recorridos privados al parque nacional de Yosemite y excursiones de un d\u00eda para grupos peque\u00f1os y vacaciones de varios d\u00edas con alojamiento incluidos.\"\/>","robots":{"index":"index","follow":"follow","max-snippet":"max-snippet:-1","max-image-preview":"max-image-preview:large","max-video-preview":"max-video-preview:-1"},"canonical":"https:\/\/www.yosemitetoursf.com\/es\/excursiones-y-visitas-guiadas\/","og_locale":"en_US","og_type":"article","og_title":"Excursi\u00f3n a Yosemite |Tour de Yosemite| Visitas guiadas","og_description":"Recorridos privados al parque nacional de Yosemite y excursiones de un d\u00eda para grupos peque\u00f1os y vacaciones de varios d\u00edas con alojamiento incluidos.\"\/>","og_url":"https:\/\/www.yosemitetoursf.com\/es\/excursiones-y-visitas-guiadas\/","og_site_name":"YOSEMITE TOURS EN ESPA\u00d1OL","article_modified_time":"2022-03-07T06:39:59+00:00","twitter_card":"summary_large_image","twitter_misc":{"Est. reading time":"4 minutes"},"schema":{"@context":"https:\/\/schema.org","@graph":[{"@type":"WebSite","@id":"https:\/\/www.yosemitetoursf.com\/es\/#website","url":"https:\/\/www.yosemitetoursf.com\/es\/","name":"YOSEMITE TOURS EN ESPA\u00d1OL","description":"Best Yosemite Tours ","potentialAction":[{"@type":"SearchAction","target":{"@type":"EntryPoint","urlTemplate":"https:\/\/www.yosemitetoursf.com\/es\/?s={search_term_string}"},"query-input":"required name=search_term_string"}],"inLanguage":"en"},{"@type":"WebPage","@id":"https:\/\/www.yosemitetoursf.com\/es\/excursiones-y-visitas-guiadas\/#webpage","url":"https:\/\/www.yosemitetoursf.com\/es\/excursiones-y-visitas-guiadas\/","name":"Excursi\u00f3n a Yosemite |Tour de Yosemite| Visitas guiadas","isPartOf":{"@id":"https:\/\/www.yosemitetoursf.com\/es\/#website"},"datePublished":"2022-01-14T14:50:04+00:00","dateModified":"2022-03-07T06:39:59+00:00","description":"Recorridos privados al parque nacional de Yosemite y excursiones de un d\u00eda para grupos peque\u00f1os y vacaciones de varios d\u00edas con alojamiento incluidos.\"\/>","breadcrumb":{"@id":"https:\/\/www.yosemitetoursf.com\/es\/excursiones-y-visitas-guiadas\/#breadcrumb"},"inLanguage":"en","potentialAction":[{"@type":"ReadAction","target":["https:\/\/www.yosemitetoursf.com\/es\/excursiones-y-visitas-guiadas\/"]}]},{"@type":"BreadcrumbList","@id":"https:\/\/www.yosemitetoursf.com\/es\/excursiones-y-visitas-guiadas\/#breadcrumb","itemListElement":[{"@type":"ListItem","position":1,"name":"Home","item":"https:\/\/www.yosemitetoursf.com\/es\/"},{"@type":"ListItem","position":2,"name":"Excursiones y visitas guiadas"}]}]}},"_links":{"self":[{"href":"https:\/\/www.yosemitetoursf.com\/es\/wp-json\/wp\/v2\/pages\/2712","targetHints":{"allow":["GET"]}}],"collection":[{"href":"https:\/\/www.yosemitetoursf.com\/es\/wp-json\/wp\/v2\/pages"}],"about":[{"href":"https:\/\/www.yosemitetoursf.com\/es\/wp-json\/wp\/v2\/types\/page"}],"author":[{"embeddable":true,"href":"https:\/\/www.yosemitetoursf.com\/es\/wp-json\/wp\/v2\/users\/1"}],"replies":[{"embeddable":true,"href":"https:\/\/www.yosemitetoursf.com\/es\/wp-json\/wp\/v2\/comments?post=2712"}],"version-history":[{"count":19,"href":"https:\/\/www.yosemitetoursf.com\/es\/wp-json\/wp\/v2\/pages\/2712\/revisions"}],"predecessor-version":[{"id":2927,"href":"https:\/\/www.yosemitetoursf.com\/es\/wp-json\/wp\/v2\/pages\/2712\/revisions\/2927"}],"wp:attachment":[{"href":"https:\/\/www.yosemitetoursf.com\/es\/wp-json\/wp\/v2\/media?parent=2712"}],"curies":[{"name":"wp","href":"https:\/\/api.w.org\/{rel}","templated":true}]}}